{"id":88,"date":"2022-07-14T13:14:38","date_gmt":"2022-07-14T11:14:38","guid":{"rendered":"https:\/\/xn--vasiliauskien-1zb.lt\/?page_id=88"},"modified":"2024-11-15T08:20:09","modified_gmt":"2024-11-15T06:20:09","slug":"sveiki","status":"publish","type":"page","link":"https:\/\/xn--vasiliauskien-1zb.lt\/","title":{"rendered":""},"content":{"rendered":"\n<p class=\"has-text-align-left\">Esu kosmetolog\u0117 Jolanta Vasiliauskien\u0117. Mano, kaip kosmetolog\u0117s, po\u017ei\u016bris \u012f odos prie\u017ei\u016br\u0105, formuojasi daugiau nei 24 metai. Darbas su klientais, seminarai, sta\u017euot\u0117s u\u017esienyje, ilgamet\u0117 trener\u0117s darbo patirtis tai \u2013 \u017einios padedan\u010dios profesionaliai suteikti paslaugas. Konsultuoju, sudarau odos prie\u017ei\u016bros plan\u0105, atlieku \u012fvairias kosmetologines proced\u016bras. <\/p>\n\n\n\n<p class=\"has-text-align-left\">3 svarbiausi dalykai reikalingi efektyviai odos prie\u017ei\u016brai: odos b\u016bkl\u0117s nustatymas, tikslinga kasdienin\u0117s odos prie\u017ei\u016bros rutina, profesionalios kosmetologin\u0117s proced\u016bros. Nereik\u0117t\u0173 pamir\u0161ti ir kit\u0173 veiksni\u0173, toki\u0173 kaip mityba ir gyvenimo b\u016bdas. Teisingi veiksmai padeda apsaugoti od\u0105 nuo \u017ealojan\u010di\u0173 faktori\u0173, l\u0117tina prie\u0161laikin\u012f s\u0117n\u0117jim\u0105, neleid\u017eia atsirasti arba naikina nepageidaujamus odos tr\u016bkumus (spuogai, riebalavimasis, jautrumas, rauk\u0161l\u0117s, pigmentacija, odos pilkumas, pla\u010dios poros).<\/p>\n\n\n\n<p class=\"has-text-align-left\">Individualiai parinkta ir kompleksin\u0117 odos prie\u017ei\u016bra suteikia galimyb\u0119 kiekvienam tur\u0117ti geriausi\u0105 savo odos versij\u0105 ir kuo ilgiau d\u017eiaugtis jaunatvi\u0161ka oda.<\/p>\n\n\n\n<div class=\"wp-block-group\"><div class=\"wp-block-group__inner-container is-layout-constrained wp-block-group-is-layout-constrained\">\n<figure class=\"wp-block-image size-large\"><img loading=\"lazy\" decoding=\"async\" width=\"683\" height=\"1024\" src=\"https:\/\/xn--vasiliauskien-1zb.lt\/wp-content\/uploads\/2024\/11\/portr.B-683x1024.jpg\" alt=\"\" class=\"wp-image-236\" srcset=\"https:\/\/xn--vasiliauskien-1zb.lt\/wp-content\/uploads\/2024\/11\/portr.B-683x1024.jpg 683w, https:\/\/xn--vasiliauskien-1zb.lt\/wp-content\/uploads\/2024\/11\/portr.B-200x300.jpg 200w, https:\/\/xn--vasiliauskien-1zb.lt\/wp-content\/uploads\/2024\/11\/portr.B-768x1152.jpg 768w, https:\/\/xn--vasiliauskien-1zb.lt\/wp-content\/uploads\/2024\/11\/portr.B-1024x1536.jpg 1024w, https:\/\/xn--vasiliauskien-1zb.lt\/wp-content\/uploads\/2024\/11\/portr.B-1365x2048.jpg 1365w, https:\/\/xn--vasiliauskien-1zb.lt\/wp-content\/uploads\/2024\/11\/portr.B-scaled.jpg 1707w\" sizes=\"auto, (max-width: 683px) 100vw, 683px\" \/><\/figure>\n<\/div><\/div>\n","protected":false},"excerpt":{"rendered":"<p>Esu kosmetolog\u0117 Jolanta Vasiliauskien\u0117. Mano, kaip kosmetolog\u0117s, po\u017ei\u016bris \u012f odos prie\u017ei\u016br\u0105, formuojasi daugiau nei 24 metai. Darbas su klientais, seminarai, sta\u017euot\u0117s u\u017esienyje, ilgamet\u0117 trener\u0117s darbo patirtis tai \u2013 \u017einios padedan\u010dios profesionaliai suteikti paslaugas. Konsultuoju, sudarau odos prie\u017ei\u016bros plan\u0105, atlieku \u012fvairias kosmetologines proced\u016bras. 3 svarbiausi dalykai reikalingi efektyviai odos prie\u017ei\u016brai: odos b\u016bkl\u0117s nustatymas, tikslinga kasdienin\u0117s odos &#8230; <a title=\"\" class=\"read-more\" href=\"https:\/\/xn--vasiliauskien-1zb.lt\/\" aria-label=\"Read more about \">Read more<\/a><\/p>\n","protected":false},"author":1,"featured_media":0,"parent":0,"menu_order":0,"comment_status":"closed","ping_status":"closed","template":"","meta":{"footnotes":""},"class_list":["post-88","page","type-page","status-publish"],"_links":{"self":[{"href":"https:\/\/xn--vasiliauskien-1zb.lt\/index.php?rest_route=\/wp\/v2\/pages\/88","targetHints":{"allow":["GET"]}}],"collection":[{"href":"https:\/\/xn--vasiliauskien-1zb.lt\/index.php?rest_route=\/wp\/v2\/pages"}],"about":[{"href":"https:\/\/xn--vasiliauskien-1zb.lt\/index.php?rest_route=\/wp\/v2\/types\/page"}],"author":[{"embeddable":true,"href":"https:\/\/xn--vasiliauskien-1zb.lt\/index.php?rest_route=\/wp\/v2\/users\/1"}],"replies":[{"embeddable":true,"href":"https:\/\/xn--vasiliauskien-1zb.lt\/index.php?rest_route=%2Fwp%2Fv2%2Fcomments&post=88"}],"version-history":[{"count":16,"href":"https:\/\/xn--vasiliauskien-1zb.lt\/index.php?rest_route=\/wp\/v2\/pages\/88\/revisions"}],"predecessor-version":[{"id":238,"href":"https:\/\/xn--vasiliauskien-1zb.lt\/index.php?rest_route=\/wp\/v2\/pages\/88\/revisions\/238"}],"wp:attachment":[{"href":"https:\/\/xn--vasiliauskien-1zb.lt\/index.php?rest_route=%2Fwp%2Fv2%2Fmedia&parent=88"}],"curies":[{"name":"wp","href":"https:\/\/api.w.org\/{rel}","templated":true}]}}