{"id":17,"date":"2021-07-15T08:56:05","date_gmt":"2021-07-15T08:56:05","guid":{"rendered":"https:\/\/xn--vasiliauskien-1zb.lt\/?page_id=17"},"modified":"2024-11-12T20:37:48","modified_gmt":"2024-11-12T18:37:48","slug":"contact","status":"publish","type":"page","link":"https:\/\/xn--vasiliauskien-1zb.lt\/?page_id=17","title":{"rendered":""},"content":{"rendered":"\n<p>Lauksiu j\u016bs\u0173 \u017einu\u010di\u0173<\/p>\n\n\n\n<p><\/p>\n\n\n\n<ul class=\"wp-block-list\">\n<li><a href=\"https:\/\/www.instagram.com\/kosmetologe_jolanta.v\/\">Instagram<\/a><\/li>\n<\/ul>\n\n\n\n<ul class=\"wp-block-list\">\n<li><a href=\"https:\/\/book.treatwell.lt\/salonas\/453190\/meniu\/\">https:\/\/book.treatwell.lt\/salonas\/453190\/meniu\/<\/a><\/li>\n\n\n\n<li><a href=\"https:\/\/kosmetologe-jolanta-vasiliauskiene.mytreatwell.lt\">https:\/\/kosmetologe-jolanta-vasiliauskiene.mytreatwell.lt<\/a><\/li>\n\n\n\n<li><a href=\"https:\/\/www.hyacell.lt\/\">Pagrindinis | Hyacell &#8211; \u0161veicari\u0161ka kosmetika<\/a> <\/li>\n<\/ul>\n\n\n\n<p><\/p>\n","protected":false},"excerpt":{"rendered":"<p>Lauksiu j\u016bs\u0173 \u017einu\u010di\u0173<\/p>\n","protected":false},"author":1,"featured_media":0,"parent":0,"menu_order":0,"comment_status":"closed","ping_status":"closed","template":"","meta":{"footnotes":""},"class_list":["post-17","page","type-page","status-publish"],"_links":{"self":[{"href":"https:\/\/xn--vasiliauskien-1zb.lt\/index.php?rest_route=\/wp\/v2\/pages\/17","targetHints":{"allow":["GET"]}}],"collection":[{"href":"https:\/\/xn--vasiliauskien-1zb.lt\/index.php?rest_route=\/wp\/v2\/pages"}],"about":[{"href":"https:\/\/xn--vasiliauskien-1zb.lt\/index.php?rest_route=\/wp\/v2\/types\/page"}],"author":[{"embeddable":true,"href":"https:\/\/xn--vasiliauskien-1zb.lt\/index.php?rest_route=\/wp\/v2\/users\/1"}],"replies":[{"embeddable":true,"href":"https:\/\/xn--vasiliauskien-1zb.lt\/index.php?rest_route=%2Fwp%2Fv2%2Fcomments&post=17"}],"version-history":[{"count":8,"href":"https:\/\/xn--vasiliauskien-1zb.lt\/index.php?rest_route=\/wp\/v2\/pages\/17\/revisions"}],"predecessor-version":[{"id":141,"href":"https:\/\/xn--vasiliauskien-1zb.lt\/index.php?rest_route=\/wp\/v2\/pages\/17\/revisions\/141"}],"wp:attachment":[{"href":"https:\/\/xn--vasiliauskien-1zb.lt\/index.php?rest_route=%2Fwp%2Fv2%2Fmedia&parent=17"}],"curies":[{"name":"wp","href":"https:\/\/api.w.org\/{rel}","templated":true}]}}