{"id":142,"date":"2024-11-12T20:40:05","date_gmt":"2024-11-12T18:40:05","guid":{"rendered":"https:\/\/xn--vasiliauskien-1zb.lt\/?page_id=142"},"modified":"2024-11-20T08:52:54","modified_gmt":"2024-11-20T06:52:54","slug":"susisiekime","status":"publish","type":"page","link":"https:\/\/xn--vasiliauskien-1zb.lt\/?page_id=142","title":{"rendered":"Susisiekime"},"content":{"rendered":"\n<p>Instagram<\/p>\n\n\n\n<p><a href=\"https:\/\/www.instagram.com\/kosmetologe_jolanta.v\/\">kosmetologe.jolanta.vas (@kosmetologe_jolanta.v) \u2022 Instagram photos and videos<\/a><\/p>\n\n\n\n<p>u\u017esiregistruoti vizitui:<\/p>\n\n\n\n<p><a href=\"https:\/\/book.treatwell.lt\/salonas\/453190\/meniu\">https:\/\/book.treatwell.lt\/salonas\/453190\/meniu<\/a><\/p>\n\n\n\n<p>arba telefonu: +37065070524<\/p>\n\n\n\n<p><\/p>\n\n\n\n<p><a href=\"https:\/\/www.hyacell.lt\/\">Pagrindinis | Hyacell &#8211; \u0161veicari\u0161ka kosmetika<\/a><\/p>\n\n\n\n<p><\/p>\n\n\n\n<p class=\"has-small-font-size\">Doma\u0161evi\u010diaus g.1, Vilnius<\/p>\n\n\n\n<p class=\"has-small-font-size\">Vasario 16-osios g.13-1, Var\u0117na<\/p>\n\n\n\n<div class=\"wp-block-columns is-layout-flex wp-container-core-columns-is-layout-9d6595d7 wp-block-columns-is-layout-flex\">\n<div class=\"wp-block-column is-layout-flow wp-block-column-is-layout-flow\">\n<figure class=\"wp-block-image size-large\"><img loading=\"lazy\" decoding=\"async\" width=\"1024\" height=\"768\" src=\"https:\/\/xn--vasiliauskien-1zb.lt\/wp-content\/uploads\/2024\/11\/sal-1024x768.jpg\" alt=\"\" class=\"wp-image-229\" srcset=\"https:\/\/xn--vasiliauskien-1zb.lt\/wp-content\/uploads\/2024\/11\/sal-1024x768.jpg 1024w, https:\/\/xn--vasiliauskien-1zb.lt\/wp-content\/uploads\/2024\/11\/sal-300x225.jpg 300w, https:\/\/xn--vasiliauskien-1zb.lt\/wp-content\/uploads\/2024\/11\/sal-768x576.jpg 768w, https:\/\/xn--vasiliauskien-1zb.lt\/wp-content\/uploads\/2024\/11\/sal-1536x1152.jpg 1536w, https:\/\/xn--vasiliauskien-1zb.lt\/wp-content\/uploads\/2024\/11\/sal.jpg 2032w\" sizes=\"auto, (max-width: 1024px) 100vw, 1024px\" \/><\/figure>\n<\/div>\n\n\n\n<div class=\"wp-block-column is-layout-flow wp-block-column-is-layout-flow\">\n<figure class=\"wp-block-image size-large\"><img loading=\"lazy\" decoding=\"async\" width=\"1024\" height=\"768\" src=\"https:\/\/xn--vasiliauskien-1zb.lt\/wp-content\/uploads\/2024\/11\/sal1-1024x768.jpg\" alt=\"\" class=\"wp-image-233\" srcset=\"https:\/\/xn--vasiliauskien-1zb.lt\/wp-content\/uploads\/2024\/11\/sal1-1024x768.jpg 1024w, https:\/\/xn--vasiliauskien-1zb.lt\/wp-content\/uploads\/2024\/11\/sal1-300x225.jpg 300w, https:\/\/xn--vasiliauskien-1zb.lt\/wp-content\/uploads\/2024\/11\/sal1-768x576.jpg 768w, https:\/\/xn--vasiliauskien-1zb.lt\/wp-content\/uploads\/2024\/11\/sal1-1536x1152.jpg 1536w, https:\/\/xn--vasiliauskien-1zb.lt\/wp-content\/uploads\/2024\/11\/sal1.jpg 2032w\" sizes=\"auto, (max-width: 1024px) 100vw, 1024px\" \/><\/figure>\n<\/div>\n\n\n\n<div class=\"wp-block-column is-layout-flow wp-block-column-is-layout-flow\"><\/div>\n<\/div>\n\n\n\n<p><\/p>\n","protected":false},"excerpt":{"rendered":"<p>Instagram kosmetologe.jolanta.vas (@kosmetologe_jolanta.v) \u2022 Instagram photos and videos u\u017esiregistruoti vizitui: https:\/\/book.treatwell.lt\/salonas\/453190\/meniu arba telefonu: +37065070524 Pagrindinis | Hyacell &#8211; \u0161veicari\u0161ka kosmetika Doma\u0161evi\u010diaus g.1, Vilnius Vasario 16-osios g.13-1, Var\u0117na<\/p>\n","protected":false},"author":2,"featured_media":0,"parent":0,"menu_order":0,"comment_status":"closed","ping_status":"closed","template":"","meta":{"footnotes":""},"class_list":["post-142","page","type-page","status-publish"],"_links":{"self":[{"href":"https:\/\/xn--vasiliauskien-1zb.lt\/index.php?rest_route=\/wp\/v2\/pages\/142","targetHints":{"allow":["GET"]}}],"collection":[{"href":"https:\/\/xn--vasiliauskien-1zb.lt\/index.php?rest_route=\/wp\/v2\/pages"}],"about":[{"href":"https:\/\/xn--vasiliauskien-1zb.lt\/index.php?rest_route=\/wp\/v2\/types\/page"}],"author":[{"embeddable":true,"href":"https:\/\/xn--vasiliauskien-1zb.lt\/index.php?rest_route=\/wp\/v2\/users\/2"}],"replies":[{"embeddable":true,"href":"https:\/\/xn--vasiliauskien-1zb.lt\/index.php?rest_route=%2Fwp%2Fv2%2Fcomments&post=142"}],"version-history":[{"count":8,"href":"https:\/\/xn--vasiliauskien-1zb.lt\/index.php?rest_route=\/wp\/v2\/pages\/142\/revisions"}],"predecessor-version":[{"id":245,"href":"https:\/\/xn--vasiliauskien-1zb.lt\/index.php?rest_route=\/wp\/v2\/pages\/142\/revisions\/245"}],"wp:attachment":[{"href":"https:\/\/xn--vasiliauskien-1zb.lt\/index.php?rest_route=%2Fwp%2Fv2%2Fmedia&parent=142"}],"curies":[{"name":"wp","href":"https:\/\/api.w.org\/{rel}","templated":true}]}}